{"id":1327,"date":"2024-10-08T10:57:54","date_gmt":"2024-10-08T08:57:54","guid":{"rendered":"https:\/\/datadrip.sk\/?page_id=1327"},"modified":"2025-06-20T07:47:15","modified_gmt":"2025-06-20T05:47:15","slug":"kontakt","status":"publish","type":"page","link":"https:\/\/datadrip.sk\/sk\/kontakt\/","title":{"rendered":"Kontakt"},"content":{"rendered":"\t\t<div data-elementor-type=\"wp-page\" data-elementor-id=\"1327\" class=\"elementor elementor-1327\" data-elementor-post-type=\"page\">\n\t\t\t\t\t\t<section class=\"elementor-section elementor-top-section elementor-element elementor-element-9a0ff02 elementor-section-boxed elementor-section-height-default elementor-section-height-default\" data-id=\"9a0ff02\" data-element_type=\"section\">\n\t\t\t\t\t\t<div class=\"elementor-container elementor-column-gap-default\">\n\t\t\t\t\t<div class=\"elementor-column elementor-col-100 elementor-top-column elementor-element elementor-element-92ed642\" data-id=\"92ed642\" data-element_type=\"column\">\n\t\t\t<div class=\"elementor-widget-wrap elementor-element-populated\">\n\t\t\t\t\t\t<div class=\"elementor-element elementor-element-8ecef30 elementor-widget elementor-widget-heading\" data-id=\"8ecef30\" data-element_type=\"widget\" data-widget_type=\"heading.default\">\n\t\t\t\t<div class=\"elementor-widget-container\">\n\t\t\t<h1 class=\"elementor-heading-title elementor-size-default\">Kontakt<\/h1>\t\t<\/div>\n\t\t\t\t<\/div>\n\t\t\t\t<div class=\"elementor-element elementor-element-6433ccf elementor-widget elementor-widget-text-editor\" data-id=\"6433ccf\" data-element_type=\"widget\" data-widget_type=\"text-editor.default\">\n\t\t\t\t<div class=\"elementor-widget-container\">\n\t\t\t\t\t\t\t<div class=\"layoutkit-flexbox css-qyvfwg\"><div class=\"layoutkit-flexbox css-i80ya5\"><div tabindex=\"0\" data-testid=\"virtuoso-scroller\" data-virtuoso-scroller=\"true\"><div data-viewport-type=\"element\"><div data-testid=\"virtuoso-item-list\"><div data-index=\"4\" data-known-size=\"84\" data-item-index=\"4\"><div class=\"layoutkit-flexbox css-fwqjpa acss-1n37vm9\"><div class=\"layoutkit-flexbox css-9pyqzz acss-4ej7mt\"><div class=\"layoutkit-flexbox css-roa2v7 acss-lp0rhx\"><div class=\"layoutkit-flexbox css-o3n4io acss-1rd8vo5\"><div id=\"msg_OT6yp6bdAekkeP\" class=\"layoutkit-flexbox css-fr78qt\"><div><article class=\"acss-1f8oxu5\" data-code-type=\"markdown\"><div class=\"acss-13c1znq\"><div class=\"layoutkit-flexbox css-qyvfwg\"><div class=\"layoutkit-flexbox css-i80ya5\"><div tabindex=\"0\" data-testid=\"virtuoso-scroller\" data-virtuoso-scroller=\"true\"><div data-viewport-type=\"element\"><div data-testid=\"virtuoso-item-list\"><div data-index=\"4\" data-known-size=\"84\" data-item-index=\"4\"><div class=\"layoutkit-flexbox css-fwqjpa acss-1n37vm9\"><div class=\"layoutkit-flexbox css-9pyqzz acss-4ej7mt\"><div class=\"layoutkit-flexbox css-roa2v7 acss-lp0rhx\"><div class=\"layoutkit-flexbox css-o3n4io acss-1rd8vo5\"><div id=\"msg_OT6yp6bdAekkeP\" class=\"layoutkit-flexbox css-fr78qt\"><div><article class=\"acss-1f8oxu5\" data-code-type=\"markdown\"><div class=\"acss-13c1znq\"><p>Sme tu pre v\u00e1s &#8211; kontaktujte n\u00e1s a spolo\u010dne n\u00e1jdeme najlep\u0161ie rie\u0161enie pre va\u0161u firmu.<\/p><\/div><\/article><\/div><\/div><\/div><\/div><\/div><\/div><\/div><\/div><\/div><\/div><\/div><\/div><\/div><\/article><\/div><\/div><\/div><\/div><\/div><\/div><\/div><\/div><\/div><\/div><\/div><\/div>\t\t\t\t\t\t<\/div>\n\t\t\t\t<\/div>\n\t\t\t\t\t<\/div>\n\t\t<\/div>\n\t\t\t\t\t<\/div>\n\t\t<\/section>\n\t\t\t\t<section class=\"elementor-section elementor-top-section elementor-element elementor-element-32f967f elementor-section-boxed elementor-section-height-default elementor-section-height-default\" data-id=\"32f967f\" data-element_type=\"section\">\n\t\t\t\t\t\t<div class=\"elementor-container elementor-column-gap-default\">\n\t\t\t\t\t<div class=\"elementor-column elementor-col-100 elementor-top-column elementor-element elementor-element-f92674a\" data-id=\"f92674a\" data-element_type=\"column\">\n\t\t\t<div class=\"elementor-widget-wrap elementor-element-populated\">\n\t\t\t\t\t\t<div class=\"elementor-element elementor-element-19b8c7d elementor-widget elementor-widget-text-editor\" data-id=\"19b8c7d\" data-element_type=\"widget\" data-widget_type=\"text-editor.default\">\n\t\t\t\t<div class=\"elementor-widget-container\">\n\t\t\t\t\t\t\t<p>Martin G\u00e1lik<\/p><p><a href=\"mailto:%69nfo@datadri%70.sk\">&#x69;&#x6e;&#x66;&#x6f;&#x40;&#x64;&#x61;&#x74;&#x61;&#x64;&#x72;&#x69;&#x70;&#x2e;&#x73;&#x6b;<\/a><\/p><p>&#x2b;&#x34;&#x32;&#x31;&#32;&#57;04 &#x34;&#x30;&#x32;&#x20;&#54;&#54;7<\/p><p>\u00a0<\/p><p>DataDrip s.r.o.<\/p><p>Bratislava, Slovakia<\/p>\t\t\t\t\t\t<\/div>\n\t\t\t\t<\/div>\n\t\t\t\t\t<\/div>\n\t\t<\/div>\n\t\t\t\t\t<\/div>\n\t\t<\/section>\n\t\t\t\t<section class=\"elementor-section elementor-top-section elementor-element elementor-element-a956602 elementor-section-boxed elementor-section-height-default elementor-section-height-default\" data-id=\"a956602\" data-element_type=\"section\">\n\t\t\t\t\t\t<div class=\"elementor-container elementor-column-gap-default\">\n\t\t\t\t\t<div class=\"elementor-column elementor-col-100 elementor-top-column elementor-element elementor-element-691f120\" data-id=\"691f120\" data-element_type=\"column\">\n\t\t\t<div class=\"elementor-widget-wrap\">\n\t\t\t\t\t\t\t<\/div>\n\t\t<\/div>\n\t\t\t\t\t<\/div>\n\t\t<\/section>\n\t\t\t\t<section class=\"elementor-section elementor-top-section elementor-element elementor-element-8655916 elementor-section-boxed elementor-section-height-default elementor-section-height-default\" data-id=\"8655916\" data-element_type=\"section\">\n\t\t\t\t\t\t<div class=\"elementor-container elementor-column-gap-default\">\n\t\t\t\t\t<div class=\"elementor-column elementor-col-100 elementor-top-column elementor-element elementor-element-e74282a\" data-id=\"e74282a\" data-element_type=\"column\">\n\t\t\t<div class=\"elementor-widget-wrap elementor-element-populated\">\n\t\t\t\t\t\t<div class=\"elementor-element elementor-element-fd4c34c elementor-shape-circle elementor-grid-0 e-grid-align-center elementor-widget elementor-widget-social-icons\" data-id=\"fd4c34c\" data-element_type=\"widget\" data-widget_type=\"social-icons.default\">\n\t\t\t\t<div class=\"elementor-widget-container\">\n\t\t\t\t\t<div class=\"elementor-social-icons-wrapper elementor-grid\">\n\t\t\t\t\t\t\t<span class=\"elementor-grid-item\">\n\t\t\t\t\t<a class=\"elementor-icon elementor-social-icon elementor-social-icon-facebook elementor-repeater-item-570a5cb\" href=\"https:\/\/www.facebook.com\/profile.php?id=61566859263890\" target=\"_blank\">\n\t\t\t\t\t\t<span class=\"elementor-screen-only\">Facebook<\/span>\n\t\t\t\t\t\t<i class=\"fab fa-facebook\"><\/i>\t\t\t\t\t<\/a>\n\t\t\t\t<\/span>\n\t\t\t\t\t\t\t<span class=\"elementor-grid-item\">\n\t\t\t\t\t<a class=\"elementor-icon elementor-social-icon elementor-social-icon-linkedin elementor-repeater-item-41a48d0\" href=\"https:\/\/www.linkedin.com\/company\/105162211\/admin\/dashboard\/\" target=\"_blank\">\n\t\t\t\t\t\t<span class=\"elementor-screen-only\">Linkedin<\/span>\n\t\t\t\t\t\t<i class=\"fab fa-linkedin\"><\/i>\t\t\t\t\t<\/a>\n\t\t\t\t<\/span>\n\t\t\t\t\t<\/div>\n\t\t\t\t<\/div>\n\t\t\t\t<\/div>\n\t\t\t\t\t<\/div>\n\t\t<\/div>\n\t\t\t\t\t<\/div>\n\t\t<\/section>\n\t\t\t\t<\/div>\n\t\t","protected":false},"excerpt":{"rendered":"<p>Kontakt Sme tu pre v\u00e1s &#8211; kontaktujte n\u00e1s a spolo\u010dne n\u00e1jdeme najlep\u0161ie rie\u0161enie pre va\u0161u firmu. Martin G\u00e1lik &#x69;n&#x66;o&#x40;&#100;&#x61;&#116;a&#x64;r&#x69;&#112;&#x2e;&#115;&#x6b; \u00a0 DataDrip s.r.o. Bratislava, Slovakia Facebook Linkedin<\/p>\n","protected":false},"author":1,"featured_media":0,"parent":0,"menu_order":0,"comment_status":"closed","ping_status":"closed","template":"page-templates\/page_front-page.php","meta":{"_monsterinsights_skip_tracking":false,"_monsterinsights_sitenote_active":false,"_monsterinsights_sitenote_note":"","_monsterinsights_sitenote_category":0,"footnotes":""},"class_list":["post-1327","page","type-page","status-publish","hentry"],"yoast_head":"<!-- This site is optimized with the Yoast SEO plugin v23.5 - https:\/\/yoast.com\/wordpress\/plugins\/seo\/ -->\n<title>Kontakt - DataDrip<\/title>\n<meta name=\"robots\" content=\"index, follow, max-snippet:-1, max-image-preview:large, max-video-preview:-1\" \/>\n<link rel=\"canonical\" href=\"https:\/\/datadrip.sk\/sk\/kontakt\/\" \/>\n<meta property=\"og:locale\" content=\"sk_SK\" \/>\n<meta property=\"og:type\" content=\"article\" \/>\n<meta property=\"og:title\" content=\"Kontakt - DataDrip\" \/>\n<meta property=\"og:description\" content=\"Kontakt Sme tu pre v\u00e1s &#8211; kontaktujte n\u00e1s a spolo\u010dne n\u00e1jdeme najlep\u0161ie rie\u0161enie pre va\u0161u firmu. Martin G\u00e1lik in&#102;&#111;&#064;&#x64;&#x61;&#x74;&#x61;dr&#105;&#112;&#046;&#x73;&#x6b; \u00a0 DataDrip s.r.o. Bratislava, Slovakia Facebook Linkedin\" \/>\n<meta property=\"og:url\" content=\"https:\/\/datadrip.sk\/sk\/kontakt\/\" \/>\n<meta property=\"og:site_name\" content=\"DataDrip\" \/>\n<meta property=\"article:modified_time\" content=\"2025-06-20T05:47:15+00:00\" \/>\n<meta name=\"twitter:card\" content=\"summary_large_image\" \/>\n<meta name=\"twitter:label1\" content=\"Predpokladan\u00fd \u010das \u010d\u00edtania\" \/>\n\t<meta name=\"twitter:data1\" content=\"1 min\u00fata\" \/>\n<script type=\"application\/ld+json\" class=\"yoast-schema-graph\">{\"@context\":\"https:\/\/schema.org\",\"@graph\":[{\"@type\":\"WebPage\",\"@id\":\"https:\/\/datadrip.sk\/kontakt\/\",\"url\":\"https:\/\/datadrip.sk\/kontakt\/\",\"name\":\"Kontakt - DataDrip\",\"isPartOf\":{\"@id\":\"https:\/\/datadrip.sk\/#website\"},\"datePublished\":\"2024-10-08T08:57:54+00:00\",\"dateModified\":\"2025-06-20T05:47:15+00:00\",\"breadcrumb\":{\"@id\":\"https:\/\/datadrip.sk\/kontakt\/#breadcrumb\"},\"inLanguage\":\"sk-SK\",\"potentialAction\":[{\"@type\":\"ReadAction\",\"target\":[\"https:\/\/datadrip.sk\/kontakt\/\"]}]},{\"@type\":\"BreadcrumbList\",\"@id\":\"https:\/\/datadrip.sk\/kontakt\/#breadcrumb\",\"itemListElement\":[{\"@type\":\"ListItem\",\"position\":1,\"name\":\"Home\",\"item\":\"https:\/\/datadrip.sk\/\"},{\"@type\":\"ListItem\",\"position\":2,\"name\":\"Kontakt\"}]},{\"@type\":\"WebSite\",\"@id\":\"https:\/\/datadrip.sk\/#website\",\"url\":\"https:\/\/datadrip.sk\/\",\"name\":\"DataDrip\",\"description\":\"Informa\u010dn\u00e9 syst\u00e9my na mieru pomocou platformy Claris FileMaker\",\"publisher\":{\"@id\":\"https:\/\/datadrip.sk\/#organization\"},\"potentialAction\":[{\"@type\":\"SearchAction\",\"target\":{\"@type\":\"EntryPoint\",\"urlTemplate\":\"https:\/\/datadrip.sk\/?s={search_term_string}\"},\"query-input\":{\"@type\":\"PropertyValueSpecification\",\"valueRequired\":true,\"valueName\":\"search_term_string\"}}],\"inLanguage\":\"sk-SK\"},{\"@type\":\"Organization\",\"@id\":\"https:\/\/datadrip.sk\/#organization\",\"name\":\"DataDrip\",\"url\":\"https:\/\/datadrip.sk\/\",\"logo\":{\"@type\":\"ImageObject\",\"inLanguage\":\"sk-SK\",\"@id\":\"https:\/\/datadrip.sk\/#\/schema\/logo\/image\/\",\"url\":\"https:\/\/datadrip.sk\/wp-content\/uploads\/2020\/05\/DataDrip_Logo-02-1.svg\",\"contentUrl\":\"https:\/\/datadrip.sk\/wp-content\/uploads\/2020\/05\/DataDrip_Logo-02-1.svg\",\"width\":259,\"height\":66,\"caption\":\"DataDrip\"},\"image\":{\"@id\":\"https:\/\/datadrip.sk\/#\/schema\/logo\/image\/\"}}]}<\/script>\n<!-- \/ Yoast SEO plugin. -->","yoast_head_json":{"title":"Kontakt - DataDrip","robots":{"index":"index","follow":"follow","max-snippet":"max-snippet:-1","max-image-preview":"max-image-preview:large","max-video-preview":"max-video-preview:-1"},"canonical":"https:\/\/datadrip.sk\/sk\/kontakt\/","og_locale":"sk_SK","og_type":"article","og_title":"Kontakt - DataDrip","og_description":"Kontakt Sme tu pre v\u00e1s &#8211; kontaktujte n\u00e1s a spolo\u010dne n\u00e1jdeme najlep\u0161ie rie\u0161enie pre va\u0161u firmu. Martin G\u00e1lik in&#102;&#111;&#64;&#x64;&#x61;&#x74;&#x61;dr&#105;&#112;&#46;&#x73;&#x6b; \u00a0 DataDrip s.r.o. Bratislava, Slovakia Facebook Linkedin","og_url":"https:\/\/datadrip.sk\/sk\/kontakt\/","og_site_name":"DataDrip","article_modified_time":"2025-06-20T05:47:15+00:00","twitter_card":"summary_large_image","twitter_misc":{"Predpokladan\u00fd \u010das \u010d\u00edtania":"1 min\u00fata"},"schema":{"@context":"https:\/\/schema.org","@graph":[{"@type":"WebPage","@id":"https:\/\/datadrip.sk\/kontakt\/","url":"https:\/\/datadrip.sk\/kontakt\/","name":"Kontakt - DataDrip","isPartOf":{"@id":"https:\/\/datadrip.sk\/#website"},"datePublished":"2024-10-08T08:57:54+00:00","dateModified":"2025-06-20T05:47:15+00:00","breadcrumb":{"@id":"https:\/\/datadrip.sk\/kontakt\/#breadcrumb"},"inLanguage":"sk-SK","potentialAction":[{"@type":"ReadAction","target":["https:\/\/datadrip.sk\/kontakt\/"]}]},{"@type":"BreadcrumbList","@id":"https:\/\/datadrip.sk\/kontakt\/#breadcrumb","itemListElement":[{"@type":"ListItem","position":1,"name":"Home","item":"https:\/\/datadrip.sk\/"},{"@type":"ListItem","position":2,"name":"Kontakt"}]},{"@type":"WebSite","@id":"https:\/\/datadrip.sk\/#website","url":"https:\/\/datadrip.sk\/","name":"DataDrip","description":"Informa\u010dn\u00e9 syst\u00e9my na mieru pomocou platformy Claris FileMaker","publisher":{"@id":"https:\/\/datadrip.sk\/#organization"},"potentialAction":[{"@type":"SearchAction","target":{"@type":"EntryPoint","urlTemplate":"https:\/\/datadrip.sk\/?s={search_term_string}"},"query-input":{"@type":"PropertyValueSpecification","valueRequired":true,"valueName":"search_term_string"}}],"inLanguage":"sk-SK"},{"@type":"Organization","@id":"https:\/\/datadrip.sk\/#organization","name":"DataDrip","url":"https:\/\/datadrip.sk\/","logo":{"@type":"ImageObject","inLanguage":"sk-SK","@id":"https:\/\/datadrip.sk\/#\/schema\/logo\/image\/","url":"https:\/\/datadrip.sk\/wp-content\/uploads\/2020\/05\/DataDrip_Logo-02-1.svg","contentUrl":"https:\/\/datadrip.sk\/wp-content\/uploads\/2020\/05\/DataDrip_Logo-02-1.svg","width":259,"height":66,"caption":"DataDrip"},"image":{"@id":"https:\/\/datadrip.sk\/#\/schema\/logo\/image\/"}}]}},"_links":{"self":[{"href":"https:\/\/datadrip.sk\/sk\/wp-json\/wp\/v2\/pages\/1327"}],"collection":[{"href":"https:\/\/datadrip.sk\/sk\/wp-json\/wp\/v2\/pages"}],"about":[{"href":"https:\/\/datadrip.sk\/sk\/wp-json\/wp\/v2\/types\/page"}],"author":[{"embeddable":true,"href":"https:\/\/datadrip.sk\/sk\/wp-json\/wp\/v2\/users\/1"}],"replies":[{"embeddable":true,"href":"https:\/\/datadrip.sk\/sk\/wp-json\/wp\/v2\/comments?post=1327"}],"version-history":[{"count":6,"href":"https:\/\/datadrip.sk\/sk\/wp-json\/wp\/v2\/pages\/1327\/revisions"}],"predecessor-version":[{"id":1767,"href":"https:\/\/datadrip.sk\/sk\/wp-json\/wp\/v2\/pages\/1327\/revisions\/1767"}],"wp:attachment":[{"href":"https:\/\/datadrip.sk\/sk\/wp-json\/wp\/v2\/media?parent=1327"}],"curies":[{"name":"wp","href":"https:\/\/api.w.org\/{rel}","templated":true}]}}