{"id":1202,"date":"2024-10-07T22:15:50","date_gmt":"2024-10-07T20:15:50","guid":{"rendered":"https:\/\/datadrip.sk\/?page_id=1202"},"modified":"2024-10-09T22:58:44","modified_gmt":"2024-10-09T20:58:44","slug":"blog","status":"publish","type":"page","link":"https:\/\/datadrip.sk\/en\/blog\/","title":{"rendered":"Blog"},"content":{"rendered":"<div data-elementor-type=\"wp-page\" data-elementor-id=\"1202\" class=\"elementor elementor-1202\" data-elementor-post-type=\"page\">\n\t\t\t\t\t\t<section class=\"elementor-section elementor-top-section elementor-element elementor-element-6bec709 elementor-section-boxed elementor-section-height-default elementor-section-height-default\" data-id=\"6bec709\" data-element_type=\"section\">\n\t\t\t\t\t\t<div class=\"elementor-container elementor-column-gap-default\">\n\t\t\t\t\t<div class=\"elementor-column elementor-col-100 elementor-top-column elementor-element elementor-element-f400e68\" data-id=\"f400e68\" data-element_type=\"column\">\n\t\t\t<div class=\"elementor-widget-wrap elementor-element-populated\">\n\t\t\t\t\t\t<div class=\"elementor-element elementor-element-a0186e8 elementor-widget elementor-widget-heading\" data-id=\"a0186e8\" data-element_type=\"widget\" data-widget_type=\"heading.default\">\n\t\t\t\t<div class=\"elementor-widget-container\">\n\t\t\t<h1 class=\"elementor-heading-title elementor-size-default\">Blog: Tips for Effective Company Management<\/h1>\t\t<\/div>\n\t\t\t\t<\/div>\n\t\t\t\t<div class=\"elementor-element elementor-element-3c74c39 elementor-widget elementor-widget-text-editor\" data-id=\"3c74c39\" data-element_type=\"widget\" data-widget_type=\"text-editor.default\">\n\t\t\t\t<div class=\"elementor-widget-container\">\n\t\t\t\t\t\t\t<p>Read our latest articles on optimizing business processes, automation, and leveraging the FileMaker platform.<\/p>\t\t\t\t\t\t<\/div>\n\t\t\t\t<\/div>\n\t\t\t\t\t<\/div>\n\t\t<\/div>\n\t\t\t\t\t<\/div>\n\t\t<\/section>\n\t\t\t\t<section class=\"elementor-section elementor-top-section elementor-element elementor-element-0d14906 elementor-section-boxed elementor-section-height-default elementor-section-height-default\" data-id=\"0d14906\" data-element_type=\"section\">\n\t\t\t\t\t\t<div class=\"elementor-container elementor-column-gap-default\">\n\t\t\t\t\t<div class=\"elementor-column elementor-col-100 elementor-top-column elementor-element elementor-element-e64adc0\" data-id=\"e64adc0\" data-element_type=\"column\">\n\t\t\t<div class=\"elementor-widget-wrap elementor-element-populated\">\n\t\t\t\t\t\t<div class=\"elementor-element elementor-element-39c5120 elementor-posts--align-left elementor-posts--thumbnail-none elementor-grid-3 elementor-grid-tablet-2 elementor-grid-mobile-1 elementor-posts__hover-gradient elementor-widget elementor-widget-posts\" data-id=\"39c5120\" data-element_type=\"widget\" data-settings=\"{&quot;pagination_type&quot;:&quot;load_more_infinite_scroll&quot;,&quot;cards_columns&quot;:&quot;3&quot;,&quot;cards_columns_tablet&quot;:&quot;2&quot;,&quot;cards_columns_mobile&quot;:&quot;1&quot;,&quot;cards_row_gap&quot;:{&quot;unit&quot;:&quot;px&quot;,&quot;size&quot;:35,&quot;sizes&quot;:[]},&quot;cards_row_gap_tablet&quot;:{&quot;unit&quot;:&quot;px&quot;,&quot;size&quot;:&quot;&quot;,&quot;sizes&quot;:[]},&quot;cards_row_gap_mobile&quot;:{&quot;unit&quot;:&quot;px&quot;,&quot;size&quot;:&quot;&quot;,&quot;sizes&quot;:[]},&quot;load_more_spinner&quot;:{&quot;value&quot;:&quot;fas fa-spinner&quot;,&quot;library&quot;:&quot;fa-solid&quot;}}\" data-widget_type=\"posts.cards\">\n\t\t\t\t<div class=\"elementor-widget-container\">\n\t\t\t\t\t<div class=\"elementor-posts-container elementor-posts elementor-posts--skin-cards elementor-grid\">\n\t\t\t\t<article class=\"elementor-post elementor-grid-item post-1660 post type-post status-publish format-standard has-post-thumbnail hentry category-nezaradene\">\n\t\t\t<div class=\"elementor-post__card\">\n\t\t\t\t<div class=\"elementor-post__text\">\n\t\t\t\t<h3 class=\"elementor-post__title\">\n\t\t\t<a href=\"https:\/\/datadrip.sk\/en\/blog\/medzi-sap-a-excelom-je-filemaker-zlata-stredna-cesta-pre-vas-firemny-softver\/\" >\n\t\t\t\tBetween SAP and Excel Lies FileMaker: The Golden Mean for Your Business Software\t\t\t<\/a>\n\t\t<\/h3>\n\t\t\t\t<div class=\"elementor-post__excerpt\">\n\t\t\t<p>In today's dynamic business world, effective management of data and processes is crucial for success. In their search for the ideal solution, many companies face two extremes: robust and expensive SAP on one hand, and simple but often inadequate Excel on the other. However, a solution exists that elegantly fills this gap \u2013 the Claris FileMaker platform, which enables us to create powerful and flexible business systems precisely tailored to your needs.<\/p>\n\t\t<\/div>\n\t\t\t\t\t<div class=\"elementor-post__read-more-wrapper\">\n\t\t\n\t\t<a class=\"elementor-post__read-more\" href=\"https:\/\/datadrip.sk\/en\/blog\/medzi-sap-a-excelom-je-filemaker-zlata-stredna-cesta-pre-vas-firemny-softver\/\" aria-label=\"Read more about Medzi SAP a Excelom je FileMaker: Zlat\u00e1 stredn\u00e1 cesta pre v\u00e1\u0161 firemn\u00fd softv\u00e9r\" tabindex=\"-1\" >\n\t\t\tRead more\t\t<\/a>\n\n\t\t\t\t\t<\/div>\n\t\t\t\t<\/div>\n\t\t\t\t<div class=\"elementor-post__meta-data\">\n\t\t\t\t\t<span class=\"elementor-post-date\">\n\t\t\t8. April 2025\t\t<\/span>\n\t\t\t\t<\/div>\n\t\t\t\t\t<\/div>\n\t\t<\/article>\n\t\t\t\t<article class=\"elementor-post elementor-grid-item post-1639 post type-post status-publish format-standard hentry category-nezaradene\">\n\t\t\t<div class=\"elementor-post__card\">\n\t\t\t\t<div class=\"elementor-post__text\">\n\t\t\t\t<h3 class=\"elementor-post__title\">\n\t\t\t<a href=\"https:\/\/datadrip.sk\/en\/blog\/kedy-prejst-z-excelu-na-firemny-system\/\" >\n\t\t\t\tWhen to Switch from Excel to a Custom business Solution\t\t\t<\/a>\n\t\t<\/h3>\n\t\t\t\t<div class=\"elementor-post__excerpt\">\n\t\t\t<p>Excel is a great tool for startups, but as a business grows, it often hits its limits. Unmanageable amounts of data, inefficient processes, and complicated collaboration are signals that it's time for a change. Transitioning to a custom business solution can be a challenge, but the benefits of more efficient work, better team collaboration, and increased data security are worth it. In this article, we'll look at the main reasons why and when it's appropriate to consider switching from Excel to a custom business solution.<\/p>\n\t\t<\/div>\n\t\t\t\t\t<div class=\"elementor-post__read-more-wrapper\">\n\t\t\n\t\t<a class=\"elementor-post__read-more\" href=\"https:\/\/datadrip.sk\/en\/blog\/kedy-prejst-z-excelu-na-firemny-system\/\" aria-label=\"Read more about Kedy prejs\u0165 z Excelu na firemn\u00fd syst\u00e9m\" tabindex=\"-1\" >\n\t\t\tRead more\t\t<\/a>\n\n\t\t\t\t\t<\/div>\n\t\t\t\t<\/div>\n\t\t\t\t<div class=\"elementor-post__meta-data\">\n\t\t\t\t\t<span class=\"elementor-post-date\">\n\t\t\t10. October 2024\t\t<\/span>\n\t\t\t\t<\/div>\n\t\t\t\t\t<\/div>\n\t\t<\/article>\n\t\t\t\t<article class=\"elementor-post elementor-grid-item post-1081 post type-post status-publish format-standard hentry category-nezaradene category-portfolio\">\n\t\t\t<div class=\"elementor-post__card\">\n\t\t\t\t<div class=\"elementor-post__text\">\n\t\t\t\t<h3 class=\"elementor-post__title\">\n\t\t\t<a href=\"https:\/\/datadrip.sk\/en\/blog\/sila-integrovanych-firemnych-systemov-ako-zefektivnit-procesy-a-ziskat-cenne-informacie\/\" >\n\t\t\t\tThe Power of Integrated Custom Business Solutions: How to Streamline Processes and Gain Valuable Insights\t\t\t<\/a>\n\t\t<\/h3>\n\t\t\t\t<div class=\"elementor-post__excerpt\">\n\t\t\t<p>An integrated business system connecting various modules such as project management, CRM, and invoicing can significantly streamline business processes and provide valuable information for decision-making. This article describes the benefits of such a system, including document automation, improved customer relationship management, and the use of data for targeted marketing, leading to greater efficiency and competitiveness for the company.<\/p>\n\t\t<\/div>\n\t\t\t\t\t<div class=\"elementor-post__read-more-wrapper\">\n\t\t\n\t\t<a class=\"elementor-post__read-more\" href=\"https:\/\/datadrip.sk\/en\/blog\/sila-integrovanych-firemnych-systemov-ako-zefektivnit-procesy-a-ziskat-cenne-informacie\/\" aria-label=\"Read more about Sila integrovan\u00fdch firemn\u00fdch syst\u00e9mov: Ako zefekt\u00edvni\u0165 procesy a z\u00edska\u0165 cenn\u00e9 inform\u00e1cie\" tabindex=\"-1\" >\n\t\t\tRead more\t\t<\/a>\n\n\t\t\t\t\t<\/div>\n\t\t\t\t<\/div>\n\t\t\t\t<div class=\"elementor-post__meta-data\">\n\t\t\t\t\t<span class=\"elementor-post-date\">\n\t\t\t7. October 2024\t\t<\/span>\n\t\t\t\t<\/div>\n\t\t\t\t\t<\/div>\n\t\t<\/article>\n\t\t\t\t<article class=\"elementor-post elementor-grid-item post-1267 post type-post status-publish format-standard hentry category-nezaradene\">\n\t\t\t<div class=\"elementor-post__card\">\n\t\t\t\t<div class=\"elementor-post__text\">\n\t\t\t\t<h3 class=\"elementor-post__title\">\n\t\t\t<a href=\"https:\/\/datadrip.sk\/en\/blog\/ako-automatizacia-procesov-zvysuje-efektivitu-a-setri-naklady\/\" >\n\t\t\t\tHow Process Automation Increases Efficiency and Saves Costs\t\t\t<\/a>\n\t\t<\/h3>\n\t\t\t\t<div class=\"elementor-post__excerpt\">\n\t\t\t<p>In this blog, we'll look at the various ways process automation helps businesses grow and thrive. From automating invoicing to managing customer relationships, we'll explore how these solutions can streamline your business.<\/p>\n\t\t<\/div>\n\t\t\t\t\t<div class=\"elementor-post__read-more-wrapper\">\n\t\t\n\t\t<a class=\"elementor-post__read-more\" href=\"https:\/\/datadrip.sk\/en\/blog\/ako-automatizacia-procesov-zvysuje-efektivitu-a-setri-naklady\/\" aria-label=\"Read more about Ako automatiz\u00e1cia procesov zvy\u0161uje efektivitu a \u0161etr\u00ed n\u00e1klady\" tabindex=\"-1\" >\n\t\t\tRead more\t\t<\/a>\n\n\t\t\t\t\t<\/div>\n\t\t\t\t<\/div>\n\t\t\t\t<div class=\"elementor-post__meta-data\">\n\t\t\t\t\t<span class=\"elementor-post-date\">\n\t\t\t30. September 2024\t\t<\/span>\n\t\t\t\t<\/div>\n\t\t\t\t\t<\/div>\n\t\t<\/article>\n\t\t\t\t<article class=\"elementor-post elementor-grid-item post-1311 post type-post status-publish format-standard hentry category-nezaradene\">\n\t\t\t<div class=\"elementor-post__card\">\n\t\t\t\t<div class=\"elementor-post__text\">\n\t\t\t\t<h3 class=\"elementor-post__title\">\n\t\t\t<a href=\"https:\/\/datadrip.sk\/en\/blog\/evidencia-projektov-a-uloh-kluc-k-firemnej-produktivite\/\" >\n\t\t\t\tProject and Task Management: The Key to Corporate Productivity\t\t\t<\/a>\n\t\t<\/h3>\n\t\t\t\t<div class=\"elementor-post__excerpt\">\n\t\t\t<p>The right tracking system brings overview, order, and control over all aspects of a project. It allows you to monitor progress, identify obstacles, and respond quickly to changes. In this article, we'll look at the benefits of project and task tracking, and how to implement it in your company.<\/p>\n\t\t<\/div>\n\t\t\t\t\t<div class=\"elementor-post__read-more-wrapper\">\n\t\t\n\t\t<a class=\"elementor-post__read-more\" href=\"https:\/\/datadrip.sk\/en\/blog\/evidencia-projektov-a-uloh-kluc-k-firemnej-produktivite\/\" aria-label=\"Read more about Evidencia projektov a \u00faloh: K\u013e\u00fa\u010d k firemnej produktivite\" tabindex=\"-1\" >\n\t\t\tRead more\t\t<\/a>\n\n\t\t\t\t\t<\/div>\n\t\t\t\t<\/div>\n\t\t\t\t<div class=\"elementor-post__meta-data\">\n\t\t\t\t\t<span class=\"elementor-post-date\">\n\t\t\t26. September 2024\t\t<\/span>\n\t\t\t\t<\/div>\n\t\t\t\t\t<\/div>\n\t\t<\/article>\n\t\t\t\t<article class=\"elementor-post elementor-grid-item post-1281 post type-post status-publish format-standard hentry category-nezaradene\">\n\t\t\t<div class=\"elementor-post__card\">\n\t\t\t\t<div class=\"elementor-post__text\">\n\t\t\t\t<h3 class=\"elementor-post__title\">\n\t\t\t<a href=\"https:\/\/datadrip.sk\/en\/blog\/generovanie-tlacovych-vystupov-kluc-k-efektivnosti-a-profesionalite\/\" >\n\t\t\t\tGenerating Printed Outputs: The Key to Efficiency and Professionalism\t\t\t<\/a>\n\t\t<\/h3>\n\t\t\t\t<div class=\"elementor-post__excerpt\">\n\t\t\t<p>In this blog post, we'll look at the importance of generating printed outputs and how modern solutions, such as FileMaker, can simplify and streamline this process.<\/p>\n\t\t<\/div>\n\t\t\t\t\t<div class=\"elementor-post__read-more-wrapper\">\n\t\t\n\t\t<a class=\"elementor-post__read-more\" href=\"https:\/\/datadrip.sk\/en\/blog\/generovanie-tlacovych-vystupov-kluc-k-efektivnosti-a-profesionalite\/\" aria-label=\"Read more about Generovanie tla\u010dov\u00fdch v\u00fdstupov: K\u013e\u00fa\u010d k efekt\u00edvnosti a profesionalite\" tabindex=\"-1\" >\n\t\t\tRead more\t\t<\/a>\n\n\t\t\t\t\t<\/div>\n\t\t\t\t<\/div>\n\t\t\t\t<div class=\"elementor-post__meta-data\">\n\t\t\t\t\t<span class=\"elementor-post-date\">\n\t\t\t23. September 2024\t\t<\/span>\n\t\t\t\t<\/div>\n\t\t\t\t\t<\/div>\n\t\t<\/article>\n\t\t\t\t<article class=\"elementor-post elementor-grid-item post-1306 post type-post status-publish format-standard hentry category-nezaradene\">\n\t\t\t<div class=\"elementor-post__card\">\n\t\t\t\t<div class=\"elementor-post__text\">\n\t\t\t\t<h3 class=\"elementor-post__title\">\n\t\t\t<a href=\"https:\/\/datadrip.sk\/en\/blog\/generovanie-a-vypocet-cenovych-kalkulacii-zefektivnenie-procesov-a-uspora-casu\/\" >\n\t\t\t\tGenerating and Calculating Price Calculations: Streamlining Processes and Saving Time\t\t\t<\/a>\n\t\t<\/h3>\n\t\t\t\t<div class=\"elementor-post__excerpt\">\n\t\t\t<p>In today's fast-paced and competitive business environment, efficiently generating and calculating price quotes is a key factor for success. Accurate and fast calculations not only save time but also help businesses make informed decisions and maintain their competitiveness. In this blog, we'll look at how businesses can streamline their price calculation processes and save valuable time.<\/p>\n\t\t<\/div>\n\t\t\t\t\t<div class=\"elementor-post__read-more-wrapper\">\n\t\t\n\t\t<a class=\"elementor-post__read-more\" href=\"https:\/\/datadrip.sk\/en\/blog\/generovanie-a-vypocet-cenovych-kalkulacii-zefektivnenie-procesov-a-uspora-casu\/\" aria-label=\"Read more about Generovanie a v\u00fdpo\u010det cenov\u00fdch kalkul\u00e1ci\u00ed: Zefekt\u00edvnenie procesov a \u00faspora \u010dasu\" tabindex=\"-1\" >\n\t\t\tRead more\t\t<\/a>\n\n\t\t\t\t\t<\/div>\n\t\t\t\t<\/div>\n\t\t\t\t<div class=\"elementor-post__meta-data\">\n\t\t\t\t\t<span class=\"elementor-post-date\">\n\t\t\t19. September 2024\t\t<\/span>\n\t\t\t\t<\/div>\n\t\t\t\t\t<\/div>\n\t\t<\/article>\n\t\t\t\t<article class=\"elementor-post elementor-grid-item post-1258 post type-post status-publish format-standard has-post-thumbnail hentry category-nezaradene\">\n\t\t\t<div class=\"elementor-post__card\">\n\t\t\t\t<div class=\"elementor-post__text\">\n\t\t\t\t<h3 class=\"elementor-post__title\">\n\t\t\t<a href=\"https:\/\/datadrip.sk\/en\/blog\/7-znakov-ze-vas-sucasny-system-potrebuje-inovaciu\/\" >\n\t\t\t\t7 Signs Your Current System Needs an Upgrade\t\t\t<\/a>\n\t\t<\/h3>\n\t\t\t\t<div class=\"elementor-post__excerpt\">\n\t\t\t<p>A modern, custom-built business system can bring your company many benefits - from streamlining processes, increasing productivity and employee satisfaction, to better data management and supporting growth. Find out what signs indicate that your current system needs an upgrade and how a tailor-made solution can help you.<\/p>\n\t\t<\/div>\n\t\t\t\t\t<div class=\"elementor-post__read-more-wrapper\">\n\t\t\n\t\t<a class=\"elementor-post__read-more\" href=\"https:\/\/datadrip.sk\/en\/blog\/7-znakov-ze-vas-sucasny-system-potrebuje-inovaciu\/\" aria-label=\"Read more about 7 znakov, \u017ee v\u00e1\u0161 s\u00fa\u010dasn\u00fd syst\u00e9m potrebuje inov\u00e1ciu\" tabindex=\"-1\" >\n\t\t\tRead more\t\t<\/a>\n\n\t\t\t\t\t<\/div>\n\t\t\t\t<\/div>\n\t\t\t\t<div class=\"elementor-post__meta-data\">\n\t\t\t\t\t<span class=\"elementor-post-date\">\n\t\t\t16. September 2024\t\t<\/span>\n\t\t\t\t<\/div>\n\t\t\t\t\t<\/div>\n\t\t<\/article>\n\t\t\t\t<article class=\"elementor-post elementor-grid-item post-1291 post type-post status-publish format-standard hentry category-nezaradene\">\n\t\t\t<div class=\"elementor-post__card\">\n\t\t\t\t<div class=\"elementor-post__text\">\n\t\t\t\t<h3 class=\"elementor-post__title\">\n\t\t\t<a href=\"https:\/\/datadrip.sk\/en\/blog\/mobilny-pristup-do-informacneho-systemu-kluc-k-efektivite-a-flexibilite\/\" >\n\t\t\t\tMobile Access to Information Systems: The Key to Efficiency and Flexibility\t\t\t<\/a>\n\t\t<\/h3>\n\t\t\t\t<div class=\"elementor-post__excerpt\">\n\t\t\t<p>In today's fast-paced and ever-changing world, mobile access to company data is a necessity. The ability to access the information system from anywhere and at any time significantly increases work efficiency and employee flexibility. In this blog, we'll look at the benefits of mobile access and ways to implement it using the native iOS application FileMaker Go or a mobile web browser.<\/p>\n\t\t<\/div>\n\t\t\t\t\t<div class=\"elementor-post__read-more-wrapper\">\n\t\t\n\t\t<a class=\"elementor-post__read-more\" href=\"https:\/\/datadrip.sk\/en\/blog\/mobilny-pristup-do-informacneho-systemu-kluc-k-efektivite-a-flexibilite\/\" aria-label=\"Read more about Mobiln\u00fd pr\u00edstup do informa\u010dn\u00e9ho syst\u00e9mu: K\u013e\u00fa\u010d k efektivite a flexibilite\" tabindex=\"-1\" >\n\t\t\tRead more\t\t<\/a>\n\n\t\t\t\t\t<\/div>\n\t\t\t\t<\/div>\n\t\t\t\t<div class=\"elementor-post__meta-data\">\n\t\t\t\t\t<span class=\"elementor-post-date\">\n\t\t\t12. September 2024\t\t<\/span>\n\t\t\t\t<\/div>\n\t\t\t\t\t<\/div>\n\t\t<\/article>\n\t\t\t\t<\/div>\n\t\t\t\t\t<span class=\"e-load-more-spinner\">\n\t\t\t\t<i aria-hidden=\"true\" class=\"fas fa-spinner\"><\/i>\t\t\t<\/span>\n\t\t\n\t\t\t\t<div class=\"e-load-more-anchor\" data-page=\"1\" data-max-page=\"2\" data-next-page=\"https:\/\/datadrip.sk\/en\/wp-json\/wp\/v2\/pages\/1202\/page\/2\/\"><\/div>\n\t\t\t\t<div class=\"e-load-more-message\"><\/div>\n\t\t\t\t<\/div>\n\t\t\t\t<\/div>\n\t\t\t\t\t<\/div>\n\t\t<\/div>\n\t\t\t\t\t<\/div>\n\t\t<\/section>\n\t\t\t\t<section class=\"elementor-section elementor-top-section elementor-element elementor-element-42fad6b elementor-section-boxed elementor-section-height-default elementor-section-height-default\" data-id=\"42fad6b\" data-element_type=\"section\">\n\t\t\t\t\t\t<div class=\"elementor-container elementor-column-gap-default\">\n\t\t\t\t\t<div class=\"elementor-column elementor-col-100 elementor-top-column elementor-element elementor-element-a5226bf\" data-id=\"a5226bf\" data-element_type=\"column\">\n\t\t\t<div class=\"elementor-widget-wrap elementor-element-populated\">\n\t\t\t\t\t\t<div class=\"elementor-element elementor-element-dd5f2df elementor-widget elementor-widget-spacer\" data-id=\"dd5f2df\" data-element_type=\"widget\" data-widget_type=\"spacer.default\">\n\t\t\t\t<div class=\"elementor-widget-container\">\n\t\t\t\t\t<div class=\"elementor-spacer\">\n\t\t\t<div class=\"elementor-spacer-inner\"><\/div>\n\t\t<\/div>\n\t\t\t\t<\/div>\n\t\t\t\t<\/div>\n\t\t\t\t\t<\/div>\n\t\t<\/div>\n\t\t\t\t\t<\/div>\n\t\t<\/section>\n\t\t\t\t<\/div>","protected":false},"excerpt":{"rendered":"<p>Blog: Tipy pre efekt\u00edvne riadenie firmy Pre\u010d\u00edtajte si na\u0161e najnov\u0161ie \u010dl\u00e1nky o optimaliz\u00e1cii firemn\u00fdch procesov, automatiz\u00e1cii a vyu\u017eit\u00ed platformy FileMaker.<\/p>","protected":false},"author":1,"featured_media":0,"parent":0,"menu_order":0,"comment_status":"closed","ping_status":"closed","template":"page-templates\/page_front-page.php","meta":{"_monsterinsights_skip_tracking":false,"_monsterinsights_sitenote_active":false,"_monsterinsights_sitenote_note":"","_monsterinsights_sitenote_category":0,"footnotes":""},"class_list":["post-1202","page","type-page","status-publish","hentry"],"yoast_head":"<!-- This site is optimized with the Yoast SEO plugin v23.5 - https:\/\/yoast.com\/wordpress\/plugins\/seo\/ -->\n<title>Blog - DataDrip<\/title>\n<meta name=\"robots\" content=\"index, follow, max-snippet:-1, max-image-preview:large, max-video-preview:-1\" \/>\n<link rel=\"canonical\" href=\"https:\/\/datadrip.sk\/en\/blog\/\" \/>\n<meta property=\"og:locale\" content=\"en_US\" \/>\n<meta property=\"og:type\" content=\"article\" \/>\n<meta property=\"og:title\" content=\"Blog - DataDrip\" \/>\n<meta property=\"og:description\" content=\"Blog: Tipy pre efekt\u00edvne riadenie firmy Pre\u010d\u00edtajte si na\u0161e najnov\u0161ie \u010dl\u00e1nky o optimaliz\u00e1cii firemn\u00fdch procesov, automatiz\u00e1cii a vyu\u017eit\u00ed platformy FileMaker.\" \/>\n<meta property=\"og:url\" content=\"https:\/\/datadrip.sk\/en\/blog\/\" \/>\n<meta property=\"og:site_name\" content=\"DataDrip\" \/>\n<meta property=\"article:modified_time\" content=\"2024-10-09T20:58:44+00:00\" \/>\n<meta name=\"twitter:card\" content=\"summary_large_image\" \/>\n<meta name=\"twitter:label1\" content=\"Est. reading time\" \/>\n\t<meta name=\"twitter:data1\" content=\"3 minutes\" \/>\n<script type=\"application\/ld+json\" class=\"yoast-schema-graph\">{\"@context\":\"https:\/\/schema.org\",\"@graph\":[{\"@type\":\"WebPage\",\"@id\":\"https:\/\/datadrip.sk\/blog\/\",\"url\":\"https:\/\/datadrip.sk\/blog\/\",\"name\":\"Blog - DataDrip\",\"isPartOf\":{\"@id\":\"https:\/\/datadrip.sk\/#website\"},\"datePublished\":\"2024-10-07T20:15:50+00:00\",\"dateModified\":\"2024-10-09T20:58:44+00:00\",\"breadcrumb\":{\"@id\":\"https:\/\/datadrip.sk\/blog\/#breadcrumb\"},\"inLanguage\":\"en-US\",\"potentialAction\":[{\"@type\":\"ReadAction\",\"target\":[\"https:\/\/datadrip.sk\/blog\/\"]}]},{\"@type\":\"BreadcrumbList\",\"@id\":\"https:\/\/datadrip.sk\/blog\/#breadcrumb\",\"itemListElement\":[{\"@type\":\"ListItem\",\"position\":1,\"name\":\"Home\",\"item\":\"https:\/\/datadrip.sk\/\"},{\"@type\":\"ListItem\",\"position\":2,\"name\":\"Blog\"}]},{\"@type\":\"WebSite\",\"@id\":\"https:\/\/datadrip.sk\/#website\",\"url\":\"https:\/\/datadrip.sk\/\",\"name\":\"DataDrip\",\"description\":\"Informa\u010dn\u00e9 syst\u00e9my na mieru pomocou platformy Claris FileMaker\",\"publisher\":{\"@id\":\"https:\/\/datadrip.sk\/#organization\"},\"potentialAction\":[{\"@type\":\"SearchAction\",\"target\":{\"@type\":\"EntryPoint\",\"urlTemplate\":\"https:\/\/datadrip.sk\/?s={search_term_string}\"},\"query-input\":{\"@type\":\"PropertyValueSpecification\",\"valueRequired\":true,\"valueName\":\"search_term_string\"}}],\"inLanguage\":\"en-US\"},{\"@type\":\"Organization\",\"@id\":\"https:\/\/datadrip.sk\/#organization\",\"name\":\"DataDrip\",\"url\":\"https:\/\/datadrip.sk\/\",\"logo\":{\"@type\":\"ImageObject\",\"inLanguage\":\"en-US\",\"@id\":\"https:\/\/datadrip.sk\/#\/schema\/logo\/image\/\",\"url\":\"https:\/\/datadrip.sk\/wp-content\/uploads\/2020\/05\/DataDrip_Logo-02-1.svg\",\"contentUrl\":\"https:\/\/datadrip.sk\/wp-content\/uploads\/2020\/05\/DataDrip_Logo-02-1.svg\",\"width\":259,\"height\":66,\"caption\":\"DataDrip\"},\"image\":{\"@id\":\"https:\/\/datadrip.sk\/#\/schema\/logo\/image\/\"}}]}<\/script>\n<!-- \/ Yoast SEO plugin. -->","yoast_head_json":{"title":"Blog - DataDrip","robots":{"index":"index","follow":"follow","max-snippet":"max-snippet:-1","max-image-preview":"max-image-preview:large","max-video-preview":"max-video-preview:-1"},"canonical":"https:\/\/datadrip.sk\/en\/blog\/","og_locale":"en_US","og_type":"article","og_title":"Blog - DataDrip","og_description":"Blog: Tipy pre efekt\u00edvne riadenie firmy Pre\u010d\u00edtajte si na\u0161e najnov\u0161ie \u010dl\u00e1nky o optimaliz\u00e1cii firemn\u00fdch procesov, automatiz\u00e1cii a vyu\u017eit\u00ed platformy FileMaker.","og_url":"https:\/\/datadrip.sk\/en\/blog\/","og_site_name":"DataDrip","article_modified_time":"2024-10-09T20:58:44+00:00","twitter_card":"summary_large_image","twitter_misc":{"Est. reading time":"3 minutes"},"schema":{"@context":"https:\/\/schema.org","@graph":[{"@type":"WebPage","@id":"https:\/\/datadrip.sk\/blog\/","url":"https:\/\/datadrip.sk\/blog\/","name":"Blog - DataDrip","isPartOf":{"@id":"https:\/\/datadrip.sk\/#website"},"datePublished":"2024-10-07T20:15:50+00:00","dateModified":"2024-10-09T20:58:44+00:00","breadcrumb":{"@id":"https:\/\/datadrip.sk\/blog\/#breadcrumb"},"inLanguage":"en-US","potentialAction":[{"@type":"ReadAction","target":["https:\/\/datadrip.sk\/blog\/"]}]},{"@type":"BreadcrumbList","@id":"https:\/\/datadrip.sk\/blog\/#breadcrumb","itemListElement":[{"@type":"ListItem","position":1,"name":"Home","item":"https:\/\/datadrip.sk\/"},{"@type":"ListItem","position":2,"name":"Blog"}]},{"@type":"WebSite","@id":"https:\/\/datadrip.sk\/#website","url":"https:\/\/datadrip.sk\/","name":"DataDrip","description":"Informa\u010dn\u00e9 syst\u00e9my na mieru pomocou platformy Claris FileMaker","publisher":{"@id":"https:\/\/datadrip.sk\/#organization"},"potentialAction":[{"@type":"SearchAction","target":{"@type":"EntryPoint","urlTemplate":"https:\/\/datadrip.sk\/?s={search_term_string}"},"query-input":{"@type":"PropertyValueSpecification","valueRequired":true,"valueName":"search_term_string"}}],"inLanguage":"en-US"},{"@type":"Organization","@id":"https:\/\/datadrip.sk\/#organization","name":"DataDrip","url":"https:\/\/datadrip.sk\/","logo":{"@type":"ImageObject","inLanguage":"en-US","@id":"https:\/\/datadrip.sk\/#\/schema\/logo\/image\/","url":"https:\/\/datadrip.sk\/wp-content\/uploads\/2020\/05\/DataDrip_Logo-02-1.svg","contentUrl":"https:\/\/datadrip.sk\/wp-content\/uploads\/2020\/05\/DataDrip_Logo-02-1.svg","width":259,"height":66,"caption":"DataDrip"},"image":{"@id":"https:\/\/datadrip.sk\/#\/schema\/logo\/image\/"}}]}},"_links":{"self":[{"href":"https:\/\/datadrip.sk\/en\/wp-json\/wp\/v2\/pages\/1202"}],"collection":[{"href":"https:\/\/datadrip.sk\/en\/wp-json\/wp\/v2\/pages"}],"about":[{"href":"https:\/\/datadrip.sk\/en\/wp-json\/wp\/v2\/types\/page"}],"author":[{"embeddable":true,"href":"https:\/\/datadrip.sk\/en\/wp-json\/wp\/v2\/users\/1"}],"replies":[{"embeddable":true,"href":"https:\/\/datadrip.sk\/en\/wp-json\/wp\/v2\/comments?post=1202"}],"version-history":[{"count":6,"href":"https:\/\/datadrip.sk\/en\/wp-json\/wp\/v2\/pages\/1202\/revisions"}],"predecessor-version":[{"id":1626,"href":"https:\/\/datadrip.sk\/en\/wp-json\/wp\/v2\/pages\/1202\/revisions\/1626"}],"wp:attachment":[{"href":"https:\/\/datadrip.sk\/en\/wp-json\/wp\/v2\/media?parent=1202"}],"curies":[{"name":"wp","href":"https:\/\/api.w.org\/{rel}","templated":true}]}}